{"id":541,"date":"2018-11-27T09:17:08","date_gmt":"2018-11-27T09:17:08","guid":{"rendered":"https:\/\/www.agriformationbretagne.fr\/?page_id=541"},"modified":"2026-02-06T08:05:09","modified_gmt":"2026-02-06T07:05:09","slug":"about","status":"publish","type":"page","link":"https:\/\/www.agriformationbretagne.fr\/?page_id=541","title":{"rendered":"A propos"},"content":{"rendered":"<h1>SE FORMER AVEC<br \/>\nAGRI FORMATION Bretagne<\/h1>\n<h2>QUI SOMMES-NOUS ?<\/h2>\n<p>AGRI FORMATION BRETAGNE est un organisme de formation cr\u00e9\u00e9 en 2018. L\u2019offre de formation est construite par des experts terrain pour r\u00e9pondre au plus pr\u00e8s aux besoins des chef(fe)s d\u2019entreprise et salari\u00e9s agricoles.<\/p>\n<p>AGRI FORMATION BRETAGNE est certifi\u00e9 Qualiopi et Qualicert depuis octobre 2021.<br \/>\nCertifications renouvel\u00e9es le 21\/10\/2024<\/p>\n<h4>NOS DOMAINES D&rsquo;INTERVENTION<\/h4>\n<ul>\n<li>Management<\/li>\n<li>Ressources Humaines<\/li>\n<li>Droit du travail<\/li>\n<li>Pr\u00e9vention et s\u00e9curit\u00e9<\/li>\n<li>Gestion strat\u00e9gique<\/li>\n<\/ul>\n<h4>L&rsquo;EQUIPE ADMINISTRATIVE<\/h4>\n<ul>\n<li>Fabienne COMBOT MADEC, directrice<\/li>\n<li>Caroline Le Roux, responsable de formation et r\u00e9f\u00e9rente handicap<\/li>\n<li>Marine Gr\u00e9goire, charg\u00e9e de formation<\/li>\n<\/ul>\n<h4>NOS PARTENAIRES<\/h4>\n<p><a tabindex=\"0\">FRSEA BRETAGNE<\/a><\/p>\n<p>AGRI FORMATION BRETAGNE, c\u2019est un partenariat privil\u00e9gi\u00e9 avec les FDSEA de Bretagne.<\/p>\n<p>Un besoin en mati\u00e8re d\u2019emploi\u00a0? Contacter la FDSEA de votre d\u00e9partement. Les services propos\u00e9s\u00a0:<\/p>\n<ul>\n<li>Etablissement de bulletins de paie, r\u00e9alisation des d\u00e9clarations d\u2019embauche, contrat de travail, rupture de contrat de travail,<\/li>\n<li>Accompagnement dans la r\u00e9alisation de votre Document Unique d\u2019Evaluation des Risques (DUER),<\/li>\n<li>R\u00e9unions d\u2019informations destin\u00e9es aux employeurs, n\u00e9gociations collectives, etc<\/li>\n<\/ul>\n<p><a tabindex=\"0\">FNSEA<\/a><\/p>\n<p>En partenariat avec la FNSEA, AGRI FORMATION BRETAGNE participe au plan de d\u00e9veloppement des comp\u00e9tences des collaborateurs du r\u00e9seau FNSEA en proposant diff\u00e9rentes formations.<\/p>\n<p><a tabindex=\"0\">Chambre d&rsquo;Agriculture R\u00e9gionale de Bretagne<\/a><\/p>\n<p>Les chambres d\u2019agriculture de Bretagne proposent de nombreuses formations techniques ou \u00e0 destination des futurs install\u00e9s.<br \/>\nRetrouvez les formations sur : <a href=\"https:\/\/www.formation-agriculteurs.com\/\">www.formation-agriculteurs.com<\/a><\/p>\n<p><a tabindex=\"0\">VIVEA<\/a><\/p>\n<p>Les formations propos\u00e9es aux chef(fe)s d\u2019exploitation sont co-financ\u00e9es par VIVEA.<br \/>\nPour plus d\u2019informations :\u00a0<a href=\"https:\/\/vivea.fr\/\">Site internet de VIVEA\u00a0<\/a><\/p>\n<p><a tabindex=\"0\">OCAPIAT<\/a><\/p>\n<p>Les formations propos\u00e9es aux salari\u00e9s sont co-financ\u00e9es par OCAPIAT.<br \/>\nPour plus d\u2019informations : <a href=\"https:\/\/www.ocapiat.fr\/\">site internet d\u2019OCAPIAT<\/a><\/p>\n<figure><img decoding=\"async\" src=\"http:\/\/www.agriformationbretagne.fr\/wp-content\/uploads\/2023\/07\/fdrsea.png\" alt=\"FRSEA Bretagne\" \/><\/figure>\n<figure><img decoding=\"async\" src=\"http:\/\/www.agriformationbretagne.fr\/wp-content\/uploads\/2023\/07\/CRAB-1.png\" alt=\"Chambre d'agriculture bretagne\" \/><\/figure>\n<figure><img decoding=\"async\" src=\"http:\/\/www.agriformationbretagne.fr\/wp-content\/uploads\/2023\/07\/FNSEA.png\" alt=\"Syndicat patronal agricole\" \/><\/figure>\n<figure><img decoding=\"async\" src=\"http:\/\/www.agriformationbretagne.fr\/wp-content\/uploads\/2023\/07\/VIVEA-1.png\" alt=\"VIVEA\" \/><\/figure>\n<figure><img decoding=\"async\" src=\"http:\/\/www.agriformationbretagne.fr\/wp-content\/uploads\/2023\/07\/OCAPIAT-2.png\" alt=\"OCAPIAT OPCO\" \/><\/figure>\n<h4>NOTRE ENGAGEMENT QUALITE<\/h4>\n<p>En octobre 2021, AGRI FORMATION BRETAGNE a obtenu une double certification qualit\u00e9 :<\/p>\n<ul>\n<li>QUALICERT, conform\u00e9ment au r\u00e9f\u00e9rentiel \u00ab\u202fDes engagements certifi\u00e9s pour la formation des actifs agricoles- REV\/VIV\/04\u202f\u00bb<\/li>\n<li>QUALIOPI pour les actions de formation<\/li>\n<\/ul>\n<p>La double certification est contr\u00f4l\u00e9e par l\u2019organisme certificateur SGS-ICS (SGS ICS, 29 avenue Aristide Briand \u2013 94111 Arcueil Cedex)\u00a0<a href=\"https:\/\/www.sgs.com\/fr-fr\/showcases\/la-certification-de-services-qualicert\">www.qualicert.fr<\/a><br \/>\nCette double certification, ce sont des engagements concrets de la part d\u2019AGRI FORMATION BRETAGNE :<\/p>\n<ul>\n<li>Des formations construites \u00e0 partir d\u2019une \u00e9tude appropri\u00e9e des besoins des stagiaires et la construction d\u2019une offre adapt\u00e9e<\/li>\n<li>Une mobilisation et un recrutement actif des futurs b\u00e9n\u00e9ficiaires de formation<\/li>\n<li>Des moyens mis en \u0153uvre et des formations assur\u00e9es par des formateurs comp\u00e9tents et p\u00e9dagogues, pour favoriser une acquisition des comp\u00e9tences par les b\u00e9n\u00e9ficiaires<\/li>\n<li>Une \u00e9valuation et une am\u00e9lioration constante des pratiques.<\/li>\n<\/ul>\n<p>Le r\u00e9f\u00e9rentiel de certification de services peut \u00eatre obtenu ou consult\u00e9 apr\u00e8s de SGS ICS.<\/p>\n<p><img fetchpriority=\"high\" decoding=\"async\" src=\"http:\/\/www.agriformationbretagne.fr\/wp-content\/uploads\/2023\/07\/certification.png\" sizes=\"(max-width: 603px) 100vw, 603px\" srcset=\"https:\/\/www.agriformationbretagne.fr\/wp-content\/uploads\/2023\/07\/certification.png 603w, https:\/\/www.agriformationbretagne.fr\/wp-content\/uploads\/2023\/07\/certification-300x101.png 300w\" alt=\"certification qualiopi qualicert\" width=\"603\" height=\"203\" \/><br \/>\n<a href=\"https:\/\/drive.google.com\/file\/d\/1zYf8rcUKEueTfM42Joc8LvlTAA8rxZmD\/view?usp=sharing\" target=\"_blank\" rel=\"noopener\"><br \/>\nConditions g\u00e9n\u00e9rales de services<br \/>\n<\/a><br \/>\n<a href=\"http:\/\/www.agriformationbretagne.fr\/wp-content\/uploads\/2025\/01\/AGRI-FORMATION-BRETAGNE-Certificat-9682-RE_VIV-1.pdf\" target=\"_blank\" rel=\"noopener\"><br \/>\nCERTIFICAT QUALICERT<br \/>\n<\/a><br \/>\n<a href=\"http:\/\/www.agriformationbretagne.fr\/wp-content\/uploads\/2025\/01\/AGRI-FORMATION-BRETAGNE-Certificat-03064-QUALIOPI-1.pdf\" target=\"_blank\" rel=\"noopener\"><br \/>\nCertificat QUALIOPI<br \/>\n<\/a><br \/>\n<a href=\"https:\/\/drive.google.com\/file\/d\/17ucO6aRze25gdZn9iRJ97tNMiO7nB5fK\/view?usp=sharing\" target=\"_blank\" rel=\"noopener\"><br \/>\nR\u00e8glement int\u00e9rieur<br \/>\n<\/a><\/p>\n","protected":false},"excerpt":{"rendered":"<p>SE FORMER AVEC AGRI FORMATION Bretagne QUI SOMMES-NOUS ? AGRI FORMATION BRETAGNE est un organisme de formation cr\u00e9\u00e9 en 2018. L\u2019offre de formation est construite par des experts terrain pour r\u00e9pondre au plus pr\u00e8s aux besoins des chef(fe)s d\u2019entreprise et salari\u00e9s agricoles. AGRI FORMATION BRETAGNE est certifi\u00e9 Qualiopi et Qualicert depuis octobre 2021. Certifications renouvel\u00e9es [&hellip;]<\/p>\n","protected":false},"author":1,"featured_media":0,"parent":0,"menu_order":0,"comment_status":"closed","ping_status":"closed","template":"","meta":{"site-sidebar-layout":"no-sidebar","site-content-layout":"page-builder","ast-site-content-layout":"full-width-container","site-content-style":"unboxed","site-sidebar-style":"unboxed","ast-global-header-display":"","ast-banner-title-visibility":"","ast-main-header-display":"","ast-hfb-above-header-display":"","ast-hfb-below-header-display":"","ast-hfb-mobile-header-display":"","site-post-title":"disabled","ast-breadcrumbs-content":"","ast-featured-img":"disabled","footer-sml-layout":"","theme-transparent-header-meta":"enabled","adv-header-id-meta":"","stick-header-meta":"","header-above-stick-meta":"","header-main-stick-meta":"","header-below-stick-meta":"","astra-migrate-meta-layouts":"set","ast-page-background-enabled":"default","ast-page-background-meta":{"desktop":{"background-color":"","background-image":"","background-repeat":"repeat","background-position":"center center","background-size":"auto","background-attachment":"scroll","background-type":"","background-media":"","overlay-type":"","overlay-color":"","overlay-opacity":"","overlay-gradient":""},"tablet":{"background-color":"","background-image":"","background-repeat":"repeat","background-position":"center center","background-size":"auto","background-attachment":"scroll","background-type":"","background-media":"","overlay-type":"","overlay-color":"","overlay-opacity":"","overlay-gradient":""},"mobile":{"background-color":"","background-image":"","background-repeat":"repeat","background-position":"center center","background-size":"auto","background-attachment":"scroll","background-type":"","background-media":"","overlay-type":"","overlay-color":"","overlay-opacity":"","overlay-gradient":""}},"ast-content-background-meta":{"desktop":{"background-color":"var(--ast-global-color-5)","background-image":"","background-repeat":"repeat","background-position":"center center","background-size":"auto","background-attachment":"scroll","background-type":"","background-media":"","overlay-type":"","overlay-color":"","overlay-opacity":"","overlay-gradient":""},"tablet":{"background-color":"var(--ast-global-color-5)","background-image":"","background-repeat":"repeat","background-position":"center center","background-size":"auto","background-attachment":"scroll","background-type":"","background-media":"","overlay-type":"","overlay-color":"","overlay-opacity":"","overlay-gradient":""},"mobile":{"background-color":"var(--ast-global-color-5)","background-image":"","background-repeat":"repeat","background-position":"center center","background-size":"auto","background-attachment":"scroll","background-type":"","background-media":"","overlay-type":"","overlay-color":"","overlay-opacity":"","overlay-gradient":""}},"footnotes":""},"class_list":["post-541","page","type-page","status-publish","hentry"],"yoast_head":"<!-- This site is optimized with the Yoast SEO plugin v25.8 - https:\/\/yoast.com\/wordpress\/plugins\/seo\/ -->\n<title>A propos - AGRI FORMATION BRETAGNE<\/title>\n<meta name=\"robots\" content=\"index, follow, max-snippet:-1, max-image-preview:large, max-video-preview:-1\" \/>\n<link rel=\"canonical\" href=\"https:\/\/www.agriformationbretagne.fr\/?page_id=541\" \/>\n<meta property=\"og:locale\" content=\"fr_FR\" \/>\n<meta property=\"og:type\" content=\"article\" \/>\n<meta property=\"og:title\" content=\"A propos - AGRI FORMATION BRETAGNE\" \/>\n<meta property=\"og:description\" content=\"SE FORMER AVEC AGRI FORMATION Bretagne QUI SOMMES-NOUS ? AGRI FORMATION BRETAGNE est un organisme de formation cr\u00e9\u00e9 en 2018. L\u2019offre de formation est construite par des experts terrain pour r\u00e9pondre au plus pr\u00e8s aux besoins des chef(fe)s d\u2019entreprise et salari\u00e9s agricoles. AGRI FORMATION BRETAGNE est certifi\u00e9 Qualiopi et Qualicert depuis octobre 2021. Certifications renouvel\u00e9es [&hellip;]\" \/>\n<meta property=\"og:url\" content=\"https:\/\/www.agriformationbretagne.fr\/?page_id=541\" \/>\n<meta property=\"og:site_name\" content=\"AGRI FORMATION BRETAGNE\" \/>\n<meta property=\"article:modified_time\" content=\"2026-02-06T07:05:09+00:00\" \/>\n<meta property=\"og:image\" content=\"http:\/\/www.agriformationbretagne.fr\/wp-content\/uploads\/2023\/07\/fdrsea.png\" \/>\n<meta name=\"twitter:card\" content=\"summary_large_image\" \/>\n<meta name=\"twitter:label1\" content=\"Dur\u00e9e de lecture estim\u00e9e\" \/>\n\t<meta name=\"twitter:data1\" content=\"4 minutes\" \/>\n<script type=\"application\/ld+json\" class=\"yoast-schema-graph\">{\"@context\":\"https:\/\/schema.org\",\"@graph\":[{\"@type\":\"WebPage\",\"@id\":\"https:\/\/www.agriformationbretagne.fr\/?page_id=541\",\"url\":\"https:\/\/www.agriformationbretagne.fr\/?page_id=541\",\"name\":\"A propos - AGRI FORMATION BRETAGNE\",\"isPartOf\":{\"@id\":\"https:\/\/www.agriformationbretagne.fr\/#website\"},\"primaryImageOfPage\":{\"@id\":\"https:\/\/www.agriformationbretagne.fr\/?page_id=541#primaryimage\"},\"image\":{\"@id\":\"https:\/\/www.agriformationbretagne.fr\/?page_id=541#primaryimage\"},\"thumbnailUrl\":\"http:\/\/www.agriformationbretagne.fr\/wp-content\/uploads\/2023\/07\/fdrsea.png\",\"datePublished\":\"2018-11-27T09:17:08+00:00\",\"dateModified\":\"2026-02-06T07:05:09+00:00\",\"breadcrumb\":{\"@id\":\"https:\/\/www.agriformationbretagne.fr\/?page_id=541#breadcrumb\"},\"inLanguage\":\"fr-FR\",\"potentialAction\":[{\"@type\":\"ReadAction\",\"target\":[\"https:\/\/www.agriformationbretagne.fr\/?page_id=541\"]}]},{\"@type\":\"ImageObject\",\"inLanguage\":\"fr-FR\",\"@id\":\"https:\/\/www.agriformationbretagne.fr\/?page_id=541#primaryimage\",\"url\":\"http:\/\/www.agriformationbretagne.fr\/wp-content\/uploads\/2023\/07\/fdrsea.png\",\"contentUrl\":\"http:\/\/www.agriformationbretagne.fr\/wp-content\/uploads\/2023\/07\/fdrsea.png\"},{\"@type\":\"BreadcrumbList\",\"@id\":\"https:\/\/www.agriformationbretagne.fr\/?page_id=541#breadcrumb\",\"itemListElement\":[{\"@type\":\"ListItem\",\"position\":1,\"name\":\"Accueil\",\"item\":\"https:\/\/www.agriformationbretagne.fr\/\"},{\"@type\":\"ListItem\",\"position\":2,\"name\":\"A propos\"}]},{\"@type\":\"WebSite\",\"@id\":\"https:\/\/www.agriformationbretagne.fr\/#website\",\"url\":\"https:\/\/www.agriformationbretagne.fr\/\",\"name\":\"AGRI FORMATION BRETAGNE\",\"description\":\"Site officiel d&#039;AGRI FORMATION BRETAGNE\",\"publisher\":{\"@id\":\"https:\/\/www.agriformationbretagne.fr\/#organization\"},\"potentialAction\":[{\"@type\":\"SearchAction\",\"target\":{\"@type\":\"EntryPoint\",\"urlTemplate\":\"https:\/\/www.agriformationbretagne.fr\/?s={search_term_string}\"},\"query-input\":{\"@type\":\"PropertyValueSpecification\",\"valueRequired\":true,\"valueName\":\"search_term_string\"}}],\"inLanguage\":\"fr-FR\"},{\"@type\":\"Organization\",\"@id\":\"https:\/\/www.agriformationbretagne.fr\/#organization\",\"name\":\"AGRI FORMATION BRETAGNE\",\"url\":\"https:\/\/www.agriformationbretagne.fr\/\",\"logo\":{\"@type\":\"ImageObject\",\"inLanguage\":\"fr-FR\",\"@id\":\"https:\/\/www.agriformationbretagne.fr\/#\/schema\/logo\/image\/\",\"url\":\"\",\"contentUrl\":\"\",\"caption\":\"AGRI FORMATION BRETAGNE\"},\"image\":{\"@id\":\"https:\/\/www.agriformationbretagne.fr\/#\/schema\/logo\/image\/\"}}]}<\/script>\n<!-- \/ Yoast SEO plugin. -->","yoast_head_json":{"title":"A propos - AGRI FORMATION BRETAGNE","robots":{"index":"index","follow":"follow","max-snippet":"max-snippet:-1","max-image-preview":"max-image-preview:large","max-video-preview":"max-video-preview:-1"},"canonical":"https:\/\/www.agriformationbretagne.fr\/?page_id=541","og_locale":"fr_FR","og_type":"article","og_title":"A propos - AGRI FORMATION BRETAGNE","og_description":"SE FORMER AVEC AGRI FORMATION Bretagne QUI SOMMES-NOUS ? AGRI FORMATION BRETAGNE est un organisme de formation cr\u00e9\u00e9 en 2018. L\u2019offre de formation est construite par des experts terrain pour r\u00e9pondre au plus pr\u00e8s aux besoins des chef(fe)s d\u2019entreprise et salari\u00e9s agricoles. AGRI FORMATION BRETAGNE est certifi\u00e9 Qualiopi et Qualicert depuis octobre 2021. Certifications renouvel\u00e9es [&hellip;]","og_url":"https:\/\/www.agriformationbretagne.fr\/?page_id=541","og_site_name":"AGRI FORMATION BRETAGNE","article_modified_time":"2026-02-06T07:05:09+00:00","og_image":[{"url":"http:\/\/www.agriformationbretagne.fr\/wp-content\/uploads\/2023\/07\/fdrsea.png","type":"","width":"","height":""}],"twitter_card":"summary_large_image","twitter_misc":{"Dur\u00e9e de lecture estim\u00e9e":"4 minutes"},"schema":{"@context":"https:\/\/schema.org","@graph":[{"@type":"WebPage","@id":"https:\/\/www.agriformationbretagne.fr\/?page_id=541","url":"https:\/\/www.agriformationbretagne.fr\/?page_id=541","name":"A propos - AGRI FORMATION BRETAGNE","isPartOf":{"@id":"https:\/\/www.agriformationbretagne.fr\/#website"},"primaryImageOfPage":{"@id":"https:\/\/www.agriformationbretagne.fr\/?page_id=541#primaryimage"},"image":{"@id":"https:\/\/www.agriformationbretagne.fr\/?page_id=541#primaryimage"},"thumbnailUrl":"http:\/\/www.agriformationbretagne.fr\/wp-content\/uploads\/2023\/07\/fdrsea.png","datePublished":"2018-11-27T09:17:08+00:00","dateModified":"2026-02-06T07:05:09+00:00","breadcrumb":{"@id":"https:\/\/www.agriformationbretagne.fr\/?page_id=541#breadcrumb"},"inLanguage":"fr-FR","potentialAction":[{"@type":"ReadAction","target":["https:\/\/www.agriformationbretagne.fr\/?page_id=541"]}]},{"@type":"ImageObject","inLanguage":"fr-FR","@id":"https:\/\/www.agriformationbretagne.fr\/?page_id=541#primaryimage","url":"http:\/\/www.agriformationbretagne.fr\/wp-content\/uploads\/2023\/07\/fdrsea.png","contentUrl":"http:\/\/www.agriformationbretagne.fr\/wp-content\/uploads\/2023\/07\/fdrsea.png"},{"@type":"BreadcrumbList","@id":"https:\/\/www.agriformationbretagne.fr\/?page_id=541#breadcrumb","itemListElement":[{"@type":"ListItem","position":1,"name":"Accueil","item":"https:\/\/www.agriformationbretagne.fr\/"},{"@type":"ListItem","position":2,"name":"A propos"}]},{"@type":"WebSite","@id":"https:\/\/www.agriformationbretagne.fr\/#website","url":"https:\/\/www.agriformationbretagne.fr\/","name":"AGRI FORMATION BRETAGNE","description":"Site officiel d&#039;AGRI FORMATION BRETAGNE","publisher":{"@id":"https:\/\/www.agriformationbretagne.fr\/#organization"},"potentialAction":[{"@type":"SearchAction","target":{"@type":"EntryPoint","urlTemplate":"https:\/\/www.agriformationbretagne.fr\/?s={search_term_string}"},"query-input":{"@type":"PropertyValueSpecification","valueRequired":true,"valueName":"search_term_string"}}],"inLanguage":"fr-FR"},{"@type":"Organization","@id":"https:\/\/www.agriformationbretagne.fr\/#organization","name":"AGRI FORMATION BRETAGNE","url":"https:\/\/www.agriformationbretagne.fr\/","logo":{"@type":"ImageObject","inLanguage":"fr-FR","@id":"https:\/\/www.agriformationbretagne.fr\/#\/schema\/logo\/image\/","url":"","contentUrl":"","caption":"AGRI FORMATION BRETAGNE"},"image":{"@id":"https:\/\/www.agriformationbretagne.fr\/#\/schema\/logo\/image\/"}}]}},"_links":{"self":[{"href":"https:\/\/www.agriformationbretagne.fr\/index.php?rest_route=\/wp\/v2\/pages\/541","targetHints":{"allow":["GET"]}}],"collection":[{"href":"https:\/\/www.agriformationbretagne.fr\/index.php?rest_route=\/wp\/v2\/pages"}],"about":[{"href":"https:\/\/www.agriformationbretagne.fr\/index.php?rest_route=\/wp\/v2\/types\/page"}],"author":[{"embeddable":true,"href":"https:\/\/www.agriformationbretagne.fr\/index.php?rest_route=\/wp\/v2\/users\/1"}],"replies":[{"embeddable":true,"href":"https:\/\/www.agriformationbretagne.fr\/index.php?rest_route=%2Fwp%2Fv2%2Fcomments&post=541"}],"version-history":[{"count":169,"href":"https:\/\/www.agriformationbretagne.fr\/index.php?rest_route=\/wp\/v2\/pages\/541\/revisions"}],"predecessor-version":[{"id":3660,"href":"https:\/\/www.agriformationbretagne.fr\/index.php?rest_route=\/wp\/v2\/pages\/541\/revisions\/3660"}],"wp:attachment":[{"href":"https:\/\/www.agriformationbretagne.fr\/index.php?rest_route=%2Fwp%2Fv2%2Fmedia&parent=541"}],"curies":[{"name":"wp","href":"https:\/\/api.w.org\/{rel}","templated":true}]}}